{"id":961,"date":"2023-09-08T20:43:08","date_gmt":"2023-09-08T23:43:08","guid":{"rendered":"https:\/\/ffswines.com.br\/?post_type=product&#038;p=961"},"modified":"2025-01-14T20:15:22","modified_gmt":"2025-01-14T23:15:22","slug":"capoani-espumante-moscato-giallo","status":"publish","type":"product","link":"https:\/\/ffswines.com.br\/index.php\/produto\/capoani-espumante-moscato-giallo\/","title":{"rendered":"Capoani Espumante Moscato Giallo"},"content":{"rendered":"<p>Vinho espumante: Moscato Giallo<\/p>\n","protected":false},"excerpt":{"rendered":"<p><span style=\"font-weight: 400;\">O Espumante Capoani Moscato \u00e9 um espumante doce, arom\u00e1tico, de caracter\u00edstica jovial e descontra\u00eddo. Pode ser servido sozinho, mas que, devido ao seu sabor adocicado, harmoniza perfeitamente com sobremesas como bolos, sorvetes. mousse de maracuj\u00e1 e salada de frutas.\u00a0<\/span><\/p>\n<p><span style=\"font-weight: 400;\">\u00c9 um espumante extremamente refrescante, suave e equilibrado. A qualidade da uva moscato giallo fornece para esse espumante a harmonia perfeita entre acidez e do\u00e7ura.\u00a0<\/span><\/p>\n","protected":false},"featured_media":124,"comment_status":"open","ping_status":"closed","template":"","meta":[],"product_cat":[26],"product_tag":[],"_links":{"self":[{"href":"https:\/\/ffswines.com.br\/index.php\/wp-json\/wp\/v2\/product\/961"}],"collection":[{"href":"https:\/\/ffswines.com.br\/index.php\/wp-json\/wp\/v2\/product"}],"about":[{"href":"https:\/\/ffswines.com.br\/index.php\/wp-json\/wp\/v2\/types\/product"}],"replies":[{"embeddable":true,"href":"https:\/\/ffswines.com.br\/index.php\/wp-json\/wp\/v2\/comments?post=961"}],"wp:featuredmedia":[{"embeddable":true,"href":"https:\/\/ffswines.com.br\/index.php\/wp-json\/wp\/v2\/media\/124"}],"wp:attachment":[{"href":"https:\/\/ffswines.com.br\/index.php\/wp-json\/wp\/v2\/media?parent=961"}],"wp:term":[{"taxonomy":"product_cat","embeddable":true,"href":"https:\/\/ffswines.com.br\/index.php\/wp-json\/wp\/v2\/product_cat?post=961"},{"taxonomy":"product_tag","embeddable":true,"href":"https:\/\/ffswines.com.br\/index.php\/wp-json\/wp\/v2\/product_tag?post=961"}],"curies":[{"name":"wp","href":"https:\/\/api.w.org\/{rel}","templated":true}]}}