{"id":960,"date":"2023-09-08T20:41:08","date_gmt":"2023-09-08T23:41:08","guid":{"rendered":"https:\/\/ffswines.com.br\/?post_type=product&#038;p=960"},"modified":"2023-09-08T20:41:09","modified_gmt":"2023-09-08T23:41:09","slug":"capoani-espumante-brut-rose","status":"publish","type":"product","link":"https:\/\/ffswines.com.br\/index.php\/produto\/capoani-espumante-brut-rose\/","title":{"rendered":"Capoani Espumante Brut Ros\u00e9"},"content":{"rendered":"<p>Vinho ros\u00e9: Pinot Noir<\/p>\n","protected":false},"excerpt":{"rendered":"<p><span style=\"font-weight: 400;\">O Espumante Capoani Ros\u00e9 Brut \u00e9 produzido na regi\u00e3o da Serra Ga\u00facha com uvas Pinot Noir cuidadosamente selecionadas. Com uma colora\u00e7\u00e3o rosada e aromas intensos de amora, morango, flores e p\u00e3o, este espumante apresenta um paladar cremoso e complexo, com notas de frutas vermelhas e especiarias. Harmonize com peixes, frutos do mar, entradas, aves e queijos para uma experi\u00eancia gastron\u00f4mica refinada.<\/span><\/p>\n","protected":false},"featured_media":122,"comment_status":"open","ping_status":"closed","template":"","meta":[],"product_cat":[26],"product_tag":[],"_links":{"self":[{"href":"https:\/\/ffswines.com.br\/index.php\/wp-json\/wp\/v2\/product\/960"}],"collection":[{"href":"https:\/\/ffswines.com.br\/index.php\/wp-json\/wp\/v2\/product"}],"about":[{"href":"https:\/\/ffswines.com.br\/index.php\/wp-json\/wp\/v2\/types\/product"}],"replies":[{"embeddable":true,"href":"https:\/\/ffswines.com.br\/index.php\/wp-json\/wp\/v2\/comments?post=960"}],"wp:featuredmedia":[{"embeddable":true,"href":"https:\/\/ffswines.com.br\/index.php\/wp-json\/wp\/v2\/media\/122"}],"wp:attachment":[{"href":"https:\/\/ffswines.com.br\/index.php\/wp-json\/wp\/v2\/media?parent=960"}],"wp:term":[{"taxonomy":"product_cat","embeddable":true,"href":"https:\/\/ffswines.com.br\/index.php\/wp-json\/wp\/v2\/product_cat?post=960"},{"taxonomy":"product_tag","embeddable":true,"href":"https:\/\/ffswines.com.br\/index.php\/wp-json\/wp\/v2\/product_tag?post=960"}],"curies":[{"name":"wp","href":"https:\/\/api.w.org\/{rel}","templated":true}]}}