{"id":959,"date":"2023-09-08T20:38:53","date_gmt":"2023-09-08T23:38:53","guid":{"rendered":"https:\/\/ffswines.com.br\/?post_type=product&#038;p=959"},"modified":"2023-09-08T20:38:53","modified_gmt":"2023-09-08T23:38:53","slug":"capoani-blanc-de-blanc-brut","status":"publish","type":"product","link":"https:\/\/ffswines.com.br\/index.php\/produto\/capoani-blanc-de-blanc-brut\/","title":{"rendered":"Capoani Blanc de Blanc Brut"},"content":{"rendered":"<p>Vinho espumante: Chardonnay<\/p>\n","protected":false},"excerpt":{"rendered":"<p><span style=\"font-weight: 400;\">O Espumante Capoani Blanc de Blanc Brut \u00e9 um vinho brasileiro, feito com a variedade de uva Chardonnay. Este espumante possui uma cor amarelo palha deslumbrante e um paladar cremoso, complexo e fresco que \u00e9 uma verdadeira del\u00edcia para os amantes de vinho.<\/span><\/p>\n<p><span style=\"font-weight: 400;\">Al\u00e9m disso, \u00e9 rico em aromas de lim\u00e3o, abacaxi e p\u00e3o torrado, o que o torna uma escolha perfeita para harmonizar com entradas, peixes, frutos do mar e queijos.\u00a0<\/span><\/p>\n","protected":false},"featured_media":121,"comment_status":"open","ping_status":"closed","template":"","meta":[],"product_cat":[26],"product_tag":[],"_links":{"self":[{"href":"https:\/\/ffswines.com.br\/index.php\/wp-json\/wp\/v2\/product\/959"}],"collection":[{"href":"https:\/\/ffswines.com.br\/index.php\/wp-json\/wp\/v2\/product"}],"about":[{"href":"https:\/\/ffswines.com.br\/index.php\/wp-json\/wp\/v2\/types\/product"}],"replies":[{"embeddable":true,"href":"https:\/\/ffswines.com.br\/index.php\/wp-json\/wp\/v2\/comments?post=959"}],"wp:featuredmedia":[{"embeddable":true,"href":"https:\/\/ffswines.com.br\/index.php\/wp-json\/wp\/v2\/media\/121"}],"wp:attachment":[{"href":"https:\/\/ffswines.com.br\/index.php\/wp-json\/wp\/v2\/media?parent=959"}],"wp:term":[{"taxonomy":"product_cat","embeddable":true,"href":"https:\/\/ffswines.com.br\/index.php\/wp-json\/wp\/v2\/product_cat?post=959"},{"taxonomy":"product_tag","embeddable":true,"href":"https:\/\/ffswines.com.br\/index.php\/wp-json\/wp\/v2\/product_tag?post=959"}],"curies":[{"name":"wp","href":"https:\/\/api.w.org\/{rel}","templated":true}]}}