{"id":958,"date":"2023-09-08T20:36:53","date_gmt":"2023-09-08T23:36:53","guid":{"rendered":"https:\/\/ffswines.com.br\/?post_type=product&#038;p=958"},"modified":"2026-02-08T22:04:15","modified_gmt":"2026-02-09T01:04:15","slug":"capoani-merlot","status":"publish","type":"product","link":"https:\/\/ffswines.com.br\/index.php\/produto\/capoani-merlot\/","title":{"rendered":"Capoani Merlot"},"content":{"rendered":"<p>Vinho tinto: Merlot<\/p>\n","protected":false},"excerpt":{"rendered":"<p><span style=\"font-weight: 400;\">Encorpado e amadeirado, o varietal Merlot tem caracter\u00edsticas de cor acentuada e tonalidade viva. Com aromas intensos de frutas em calda, de caf\u00e9, chocolate, trufa, couro, frutas pretas e especiarias. Sabor intenso, taninos maduros e bem integrados, com boa acidez e corpo sedoso, o final de boca trufado, caracter\u00edstico dos vinhos encorpados.\u00a0<\/span><\/p>\n<p><span style=\"font-weight: 400;\">Harmoniza bem com carnes nobres, pequenas ca\u00e7as, carnes brancas e aves com molhos densos e queijos fortes. Combina tamb\u00e9m com pratos preparados \u00e0 base de cogumelos.\u00a0<\/span><\/p>\n","protected":false},"featured_media":123,"comment_status":"open","ping_status":"closed","template":"","meta":[],"product_cat":[26],"product_tag":[],"_links":{"self":[{"href":"https:\/\/ffswines.com.br\/index.php\/wp-json\/wp\/v2\/product\/958"}],"collection":[{"href":"https:\/\/ffswines.com.br\/index.php\/wp-json\/wp\/v2\/product"}],"about":[{"href":"https:\/\/ffswines.com.br\/index.php\/wp-json\/wp\/v2\/types\/product"}],"replies":[{"embeddable":true,"href":"https:\/\/ffswines.com.br\/index.php\/wp-json\/wp\/v2\/comments?post=958"}],"wp:featuredmedia":[{"embeddable":true,"href":"https:\/\/ffswines.com.br\/index.php\/wp-json\/wp\/v2\/media\/123"}],"wp:attachment":[{"href":"https:\/\/ffswines.com.br\/index.php\/wp-json\/wp\/v2\/media?parent=958"}],"wp:term":[{"taxonomy":"product_cat","embeddable":true,"href":"https:\/\/ffswines.com.br\/index.php\/wp-json\/wp\/v2\/product_cat?post=958"},{"taxonomy":"product_tag","embeddable":true,"href":"https:\/\/ffswines.com.br\/index.php\/wp-json\/wp\/v2\/product_tag?post=958"}],"curies":[{"name":"wp","href":"https:\/\/api.w.org\/{rel}","templated":true}]}}