{"id":957,"date":"2023-09-08T20:35:05","date_gmt":"2023-09-08T23:35:05","guid":{"rendered":"https:\/\/ffswines.com.br\/?post_type=product&#038;p=957"},"modified":"2023-09-08T20:35:05","modified_gmt":"2023-09-08T23:35:05","slug":"go-up-carmenere-reserva","status":"publish","type":"product","link":"https:\/\/ffswines.com.br\/index.php\/produto\/go-up-carmenere-reserva\/","title":{"rendered":"Go Up Carm\u00e9n\u00e8re Reserva"},"content":{"rendered":"<p>Vinho tinto: Carm\u00e9n\u00e8re<\/p>\n","protected":false},"excerpt":{"rendered":"<p>Go Up Carm\u00e9n\u00e8re Reserva<span style=\"font-weight: 400;\"> \u00e9 elaborado no Vale do Curic\u00f3, no Chile, uma regi\u00e3o do Vale Central reconhecida por seus excelentes r\u00f3tulos varietais. Um vinho elegante e f\u00e1cil de beber. Bastante tipicidade, com notas de amoras e cerejas, taninos sedosos e final de boca macio. GO UP Carm\u00e9n\u00e8re pode ser harmonizado com carnes vermelhas assadas ou grelhadas, como Cordeiro, pizzas, massas com molho \u00e0 base de carne vermelha e queijos como o Gouda e parmes\u00e3o.<\/span><\/p>\n","protected":false},"featured_media":884,"comment_status":"open","ping_status":"closed","template":"","meta":[],"product_cat":[27],"product_tag":[],"_links":{"self":[{"href":"https:\/\/ffswines.com.br\/index.php\/wp-json\/wp\/v2\/product\/957"}],"collection":[{"href":"https:\/\/ffswines.com.br\/index.php\/wp-json\/wp\/v2\/product"}],"about":[{"href":"https:\/\/ffswines.com.br\/index.php\/wp-json\/wp\/v2\/types\/product"}],"replies":[{"embeddable":true,"href":"https:\/\/ffswines.com.br\/index.php\/wp-json\/wp\/v2\/comments?post=957"}],"wp:featuredmedia":[{"embeddable":true,"href":"https:\/\/ffswines.com.br\/index.php\/wp-json\/wp\/v2\/media\/884"}],"wp:attachment":[{"href":"https:\/\/ffswines.com.br\/index.php\/wp-json\/wp\/v2\/media?parent=957"}],"wp:term":[{"taxonomy":"product_cat","embeddable":true,"href":"https:\/\/ffswines.com.br\/index.php\/wp-json\/wp\/v2\/product_cat?post=957"},{"taxonomy":"product_tag","embeddable":true,"href":"https:\/\/ffswines.com.br\/index.php\/wp-json\/wp\/v2\/product_tag?post=957"}],"curies":[{"name":"wp","href":"https:\/\/api.w.org\/{rel}","templated":true}]}}