{"id":956,"date":"2023-09-08T20:32:45","date_gmt":"2023-09-08T23:32:45","guid":{"rendered":"https:\/\/ffswines.com.br\/?post_type=product&#038;p=956"},"modified":"2023-09-08T20:50:06","modified_gmt":"2023-09-08T23:50:06","slug":"primus-the-blend","status":"publish","type":"product","link":"https:\/\/ffswines.com.br\/index.php\/produto\/primus-the-blend\/","title":{"rendered":"Primus the blend"},"content":{"rendered":"<p>Vinho tinto blend: Cabernet Sauvignon, Carm\u00e9n\u00e8re, Syra, Petit Verdot, Cabernet Franc<\/p>\n<h5><\/h5>\n","protected":false},"excerpt":{"rendered":"<p><span style=\"font-weight: 400;\">Um corte bordal\u00eas diretamente do Chile, do Vale de Apalta, regi\u00e3o dos mais famosos tintos do m\u00eas. Se destaca por sua profundidade, com muita fruta negra, como Cassis, e chocolate, envolvidos por notas terrosas e mentoladas. Assemelha-se muito a um bordeaux macio, carnoso e elegante. \u00c9 um tinto de corpo e personalidade, com \u00f3timo potencial de guarda. Harmoniza com pratos \u00e0 base de carne vermelha, especialmente os cozidos com molho, como um bom boeuf bourguignon.<\/span><\/p>\n","protected":false},"featured_media":885,"comment_status":"open","ping_status":"closed","template":"","meta":[],"product_cat":[27],"product_tag":[],"_links":{"self":[{"href":"https:\/\/ffswines.com.br\/index.php\/wp-json\/wp\/v2\/product\/956"}],"collection":[{"href":"https:\/\/ffswines.com.br\/index.php\/wp-json\/wp\/v2\/product"}],"about":[{"href":"https:\/\/ffswines.com.br\/index.php\/wp-json\/wp\/v2\/types\/product"}],"replies":[{"embeddable":true,"href":"https:\/\/ffswines.com.br\/index.php\/wp-json\/wp\/v2\/comments?post=956"}],"wp:featuredmedia":[{"embeddable":true,"href":"https:\/\/ffswines.com.br\/index.php\/wp-json\/wp\/v2\/media\/885"}],"wp:attachment":[{"href":"https:\/\/ffswines.com.br\/index.php\/wp-json\/wp\/v2\/media?parent=956"}],"wp:term":[{"taxonomy":"product_cat","embeddable":true,"href":"https:\/\/ffswines.com.br\/index.php\/wp-json\/wp\/v2\/product_cat?post=956"},{"taxonomy":"product_tag","embeddable":true,"href":"https:\/\/ffswines.com.br\/index.php\/wp-json\/wp\/v2\/product_tag?post=956"}],"curies":[{"name":"wp","href":"https:\/\/api.w.org\/{rel}","templated":true}]}}