{"id":953,"date":"2023-09-08T20:24:16","date_gmt":"2023-09-08T23:24:16","guid":{"rendered":"https:\/\/ffswines.com.br\/?post_type=product&#038;p=953"},"modified":"2023-09-08T20:50:25","modified_gmt":"2023-09-08T23:50:25","slug":"tarapaca-gran-reserva-carmenere","status":"publish","type":"product","link":"https:\/\/ffswines.com.br\/index.php\/produto\/tarapaca-gran-reserva-carmenere\/","title":{"rendered":"Tarapac\u00e1 Gran Reserva Carm\u00e9n\u00e8re"},"content":{"rendered":"<p>Vinho tinto:\u00a0Carm\u00e9n\u00e8re<\/p>\n","protected":false},"excerpt":{"rendered":"<p><span style=\"font-weight: 400;\">O vinho tarapac\u00e1 Gran Reserva Carm\u00e9n\u00e8re \u00e9 produzido 100% com a uva Carm\u00e9n\u00e8re, provenientes de vinhedos do Vale do Maipo, no Chile. De colora\u00e7\u00e3o rubi profunda, no nariz revela aromas de frutas negras maduras, como ameixa, cereja e amora, notas vegetais, florais e de especiarias, como pimenta-preta e cravo-da-\u00edndia, al\u00e9m de toques de baunilha. Em boca, \u00e9 equilibrado, com taninos maduros e um final longo e persistente.<\/span><\/p>\n<p><span style=\"font-weight: 400;\">Harmoniza\u00e7\u00e3o perfeita com massas com molhos cremosos, carnes vermelhas e pescados ricos em gordura como atum e salm\u00e3o.<\/span><\/p>\n","protected":false},"featured_media":524,"comment_status":"open","ping_status":"closed","template":"","meta":[],"product_cat":[27],"product_tag":[],"_links":{"self":[{"href":"https:\/\/ffswines.com.br\/index.php\/wp-json\/wp\/v2\/product\/953"}],"collection":[{"href":"https:\/\/ffswines.com.br\/index.php\/wp-json\/wp\/v2\/product"}],"about":[{"href":"https:\/\/ffswines.com.br\/index.php\/wp-json\/wp\/v2\/types\/product"}],"replies":[{"embeddable":true,"href":"https:\/\/ffswines.com.br\/index.php\/wp-json\/wp\/v2\/comments?post=953"}],"wp:featuredmedia":[{"embeddable":true,"href":"https:\/\/ffswines.com.br\/index.php\/wp-json\/wp\/v2\/media\/524"}],"wp:attachment":[{"href":"https:\/\/ffswines.com.br\/index.php\/wp-json\/wp\/v2\/media?parent=953"}],"wp:term":[{"taxonomy":"product_cat","embeddable":true,"href":"https:\/\/ffswines.com.br\/index.php\/wp-json\/wp\/v2\/product_cat?post=953"},{"taxonomy":"product_tag","embeddable":true,"href":"https:\/\/ffswines.com.br\/index.php\/wp-json\/wp\/v2\/product_tag?post=953"}],"curies":[{"name":"wp","href":"https:\/\/api.w.org\/{rel}","templated":true}]}}