{"id":952,"date":"2023-09-08T20:21:44","date_gmt":"2023-09-08T23:21:44","guid":{"rendered":"https:\/\/ffswines.com.br\/?post_type=product&#038;p=952"},"modified":"2023-09-08T20:21:45","modified_gmt":"2023-09-08T23:21:45","slug":"go-up-cabernet-sauvignon","status":"publish","type":"product","link":"https:\/\/ffswines.com.br\/index.php\/produto\/go-up-cabernet-sauvignon\/","title":{"rendered":"Go Up Cabernet Sauvignon"},"content":{"rendered":"<p>Vinho tinto Cabernet Sauvignon<\/p>\n","protected":false},"excerpt":{"rendered":"<p><span style=\"font-weight: 400;\">Go Up Cabernet Sauvignon tem estilo descontra\u00eddo, elegante e f\u00e1cil de gostar! Tem \u00f3tima tipicidade, com notas de cassis e fruta vermelha madura, taninos finos e final de boca longo e marcante.<\/span><\/p>\n<p><span style=\"font-weight: 400;\">Go Up Cabernet Sauvinon \u00e9 \u00f3timo para ser apreciado em qualquer momento! Harmoniza muito bem com carnes vermelhas assadas, como uma boa costela, uma fraldinha ou mesmo pratos \u00e0 base de molhos mais gordurosos, como uma lasanha bolonhesa.<\/span><\/p>\n","protected":false},"featured_media":135,"comment_status":"open","ping_status":"closed","template":"","meta":[],"product_cat":[27],"product_tag":[],"_links":{"self":[{"href":"https:\/\/ffswines.com.br\/index.php\/wp-json\/wp\/v2\/product\/952"}],"collection":[{"href":"https:\/\/ffswines.com.br\/index.php\/wp-json\/wp\/v2\/product"}],"about":[{"href":"https:\/\/ffswines.com.br\/index.php\/wp-json\/wp\/v2\/types\/product"}],"replies":[{"embeddable":true,"href":"https:\/\/ffswines.com.br\/index.php\/wp-json\/wp\/v2\/comments?post=952"}],"wp:featuredmedia":[{"embeddable":true,"href":"https:\/\/ffswines.com.br\/index.php\/wp-json\/wp\/v2\/media\/135"}],"wp:attachment":[{"href":"https:\/\/ffswines.com.br\/index.php\/wp-json\/wp\/v2\/media?parent=952"}],"wp:term":[{"taxonomy":"product_cat","embeddable":true,"href":"https:\/\/ffswines.com.br\/index.php\/wp-json\/wp\/v2\/product_cat?post=952"},{"taxonomy":"product_tag","embeddable":true,"href":"https:\/\/ffswines.com.br\/index.php\/wp-json\/wp\/v2\/product_tag?post=952"}],"curies":[{"name":"wp","href":"https:\/\/api.w.org\/{rel}","templated":true}]}}