{"id":951,"date":"2023-09-08T20:19:48","date_gmt":"2023-09-08T23:19:48","guid":{"rendered":"https:\/\/ffswines.com.br\/?post_type=product&#038;p=951"},"modified":"2023-09-08T20:19:48","modified_gmt":"2023-09-08T23:19:48","slug":"el-payador","status":"publish","type":"product","link":"https:\/\/ffswines.com.br\/index.php\/produto\/el-payador\/","title":{"rendered":"El Payador"},"content":{"rendered":"<p>Vinho branco: Chardonnay<\/p>\n","protected":false},"excerpt":{"rendered":"<p><span style=\"font-weight: 400;\">El Payador \u00e9 um vinho branco org\u00e2nico de <\/span><span style=\"font-weight: 400;\">excelente acidez, corpo e \u00f3timo custo-benef\u00edcio. Este Chardonnay tem notas arom\u00e1ticas de frutas c\u00edtricas, flores brancas e ma\u00e7\u00e3. Em boca, tem bom corpo, acidez marcante e \u00f3tima persist\u00eancia.\u00a0<\/span><\/p>\n<p><span style=\"font-weight: 400;\">El Payador Chardonnay \u00e9 companhia perfeita para muitos pratos, dentre os quais Spaghetti \u00e0 Carbonara, peixes e frutos do mar, carnes brancas grelhadas e saladas.<\/span><\/p>\n","protected":false},"featured_media":513,"comment_status":"open","ping_status":"closed","template":"","meta":[],"product_cat":[27],"product_tag":[],"_links":{"self":[{"href":"https:\/\/ffswines.com.br\/index.php\/wp-json\/wp\/v2\/product\/951"}],"collection":[{"href":"https:\/\/ffswines.com.br\/index.php\/wp-json\/wp\/v2\/product"}],"about":[{"href":"https:\/\/ffswines.com.br\/index.php\/wp-json\/wp\/v2\/types\/product"}],"replies":[{"embeddable":true,"href":"https:\/\/ffswines.com.br\/index.php\/wp-json\/wp\/v2\/comments?post=951"}],"wp:featuredmedia":[{"embeddable":true,"href":"https:\/\/ffswines.com.br\/index.php\/wp-json\/wp\/v2\/media\/513"}],"wp:attachment":[{"href":"https:\/\/ffswines.com.br\/index.php\/wp-json\/wp\/v2\/media?parent=951"}],"wp:term":[{"taxonomy":"product_cat","embeddable":true,"href":"https:\/\/ffswines.com.br\/index.php\/wp-json\/wp\/v2\/product_cat?post=951"},{"taxonomy":"product_tag","embeddable":true,"href":"https:\/\/ffswines.com.br\/index.php\/wp-json\/wp\/v2\/product_tag?post=951"}],"curies":[{"name":"wp","href":"https:\/\/api.w.org\/{rel}","templated":true}]}}