{"id":950,"date":"2023-09-08T20:17:49","date_gmt":"2023-09-08T23:17:49","guid":{"rendered":"https:\/\/ffswines.com.br\/?post_type=product&#038;p=950"},"modified":"2023-09-08T20:17:49","modified_gmt":"2023-09-08T23:17:49","slug":"alma-negra-misterio","status":"publish","type":"product","link":"https:\/\/ffswines.com.br\/index.php\/produto\/alma-negra-misterio\/","title":{"rendered":"Alma Negra Mist\u00e9rio"},"content":{"rendered":"<p>Vinho tinto blend<\/p>\n","protected":false},"excerpt":{"rendered":"<p>Alma Negra Mist\u00e9rio<span style=\"font-weight: 400;\"> \u00e9 um delicioso &#8220;corte secreto&#8221; de Tikal, que n\u00e3o revela quais uvas ou qual a propor\u00e7\u00e3o que entra neste intrigante blend. O aroma \u00e9 exuberante e ex\u00f3tico, enquanto no paladar o vinho se mostra macio e intenso, com personalidade bastante peculiar. Um dos maiores sucessos entre os vinhos argentinos. Harmoniza com carnes vermelhas, ragu de cordeiro, bife ancho, fil\u00e9 mignon e confit de pato.<\/span><\/p>\n","protected":false},"featured_media":896,"comment_status":"open","ping_status":"closed","template":"","meta":[],"product_cat":[25],"product_tag":[],"_links":{"self":[{"href":"https:\/\/ffswines.com.br\/index.php\/wp-json\/wp\/v2\/product\/950"}],"collection":[{"href":"https:\/\/ffswines.com.br\/index.php\/wp-json\/wp\/v2\/product"}],"about":[{"href":"https:\/\/ffswines.com.br\/index.php\/wp-json\/wp\/v2\/types\/product"}],"replies":[{"embeddable":true,"href":"https:\/\/ffswines.com.br\/index.php\/wp-json\/wp\/v2\/comments?post=950"}],"wp:featuredmedia":[{"embeddable":true,"href":"https:\/\/ffswines.com.br\/index.php\/wp-json\/wp\/v2\/media\/896"}],"wp:attachment":[{"href":"https:\/\/ffswines.com.br\/index.php\/wp-json\/wp\/v2\/media?parent=950"}],"wp:term":[{"taxonomy":"product_cat","embeddable":true,"href":"https:\/\/ffswines.com.br\/index.php\/wp-json\/wp\/v2\/product_cat?post=950"},{"taxonomy":"product_tag","embeddable":true,"href":"https:\/\/ffswines.com.br\/index.php\/wp-json\/wp\/v2\/product_tag?post=950"}],"curies":[{"name":"wp","href":"https:\/\/api.w.org\/{rel}","templated":true}]}}