{"id":949,"date":"2023-09-08T20:15:59","date_gmt":"2023-09-08T23:15:59","guid":{"rendered":"https:\/\/ffswines.com.br\/?post_type=product&#038;p=949"},"modified":"2023-09-08T20:16:00","modified_gmt":"2023-09-08T23:16:00","slug":"dv-catena-cabernet-malbec","status":"publish","type":"product","link":"https:\/\/ffswines.com.br\/index.php\/produto\/dv-catena-cabernet-malbec\/","title":{"rendered":"DV Catena Cabernet Malbec"},"content":{"rendered":"<p><span style=\"font-weight: 400;\">Vinho tinto blend: Malbec e Cabernet Sauvignon<\/span><\/p>\n","protected":false},"excerpt":{"rendered":"<p>DV Catena Cabernet Malbec<span style=\"font-weight: 400;\"> \u00e9 elaborado com uvas de dois terroirs distintos, de altitudes diferentes. Este emblem\u00e1tico corte argentino, combina a exuber\u00e2ncia da fruta da Malbec com a estrutura e eleg\u00e2ncia da Cabernet Sauvignon, resultando em um vinho de \u00f3tima complexidade, com um toque sedoso e macio no palato. Harmoniza com carnes grelhadas, de ca\u00e7a ou pato e queijos.<\/span><\/p>\n","protected":false},"featured_media":901,"comment_status":"open","ping_status":"closed","template":"","meta":[],"product_cat":[25],"product_tag":[],"_links":{"self":[{"href":"https:\/\/ffswines.com.br\/index.php\/wp-json\/wp\/v2\/product\/949"}],"collection":[{"href":"https:\/\/ffswines.com.br\/index.php\/wp-json\/wp\/v2\/product"}],"about":[{"href":"https:\/\/ffswines.com.br\/index.php\/wp-json\/wp\/v2\/types\/product"}],"replies":[{"embeddable":true,"href":"https:\/\/ffswines.com.br\/index.php\/wp-json\/wp\/v2\/comments?post=949"}],"wp:featuredmedia":[{"embeddable":true,"href":"https:\/\/ffswines.com.br\/index.php\/wp-json\/wp\/v2\/media\/901"}],"wp:attachment":[{"href":"https:\/\/ffswines.com.br\/index.php\/wp-json\/wp\/v2\/media?parent=949"}],"wp:term":[{"taxonomy":"product_cat","embeddable":true,"href":"https:\/\/ffswines.com.br\/index.php\/wp-json\/wp\/v2\/product_cat?post=949"},{"taxonomy":"product_tag","embeddable":true,"href":"https:\/\/ffswines.com.br\/index.php\/wp-json\/wp\/v2\/product_tag?post=949"}],"curies":[{"name":"wp","href":"https:\/\/api.w.org\/{rel}","templated":true}]}}