{"id":947,"date":"2023-09-08T20:11:32","date_gmt":"2023-09-08T23:11:32","guid":{"rendered":"https:\/\/ffswines.com.br\/?post_type=product&#038;p=947"},"modified":"2023-09-08T20:11:32","modified_gmt":"2023-09-08T23:11:32","slug":"vina-esmeralda-rose","status":"publish","type":"product","link":"https:\/\/ffswines.com.br\/index.php\/produto\/vina-esmeralda-rose\/","title":{"rendered":"Vi\u00f1a Esmeralda Ros\u00e9"},"content":{"rendered":"<p>Vinho ros\u00e9: Grenache<\/p>\n","protected":false},"excerpt":{"rendered":"<p><span style=\"font-weight: 400;\">O Vinho Torres Vi\u00f1a Esmeralda Ros\u00e9 apresenta colora\u00e7\u00e3o rosa p\u00e1lido, ef\u00eamero na cor. Apresenta aroma delicado e sutil de rosas e frutas confeccionadas, como cereja e framboesa. Na boca \u00e9 leve, arejado e com um elegante final c\u00edtrico. Harmoniza perfeitamente com salada caprese, comidas asi\u00e1ticas e salm\u00e3o.<\/span><\/p>\n","protected":false},"featured_media":129,"comment_status":"open","ping_status":"closed","template":"","meta":[],"product_cat":[28],"product_tag":[],"_links":{"self":[{"href":"https:\/\/ffswines.com.br\/index.php\/wp-json\/wp\/v2\/product\/947"}],"collection":[{"href":"https:\/\/ffswines.com.br\/index.php\/wp-json\/wp\/v2\/product"}],"about":[{"href":"https:\/\/ffswines.com.br\/index.php\/wp-json\/wp\/v2\/types\/product"}],"replies":[{"embeddable":true,"href":"https:\/\/ffswines.com.br\/index.php\/wp-json\/wp\/v2\/comments?post=947"}],"wp:featuredmedia":[{"embeddable":true,"href":"https:\/\/ffswines.com.br\/index.php\/wp-json\/wp\/v2\/media\/129"}],"wp:attachment":[{"href":"https:\/\/ffswines.com.br\/index.php\/wp-json\/wp\/v2\/media?parent=947"}],"wp:term":[{"taxonomy":"product_cat","embeddable":true,"href":"https:\/\/ffswines.com.br\/index.php\/wp-json\/wp\/v2\/product_cat?post=947"},{"taxonomy":"product_tag","embeddable":true,"href":"https:\/\/ffswines.com.br\/index.php\/wp-json\/wp\/v2\/product_tag?post=947"}],"curies":[{"name":"wp","href":"https:\/\/api.w.org\/{rel}","templated":true}]}}