{"id":946,"date":"2023-09-08T20:08:30","date_gmt":"2023-09-08T23:08:30","guid":{"rendered":"https:\/\/ffswines.com.br\/?post_type=product&#038;p=946"},"modified":"2023-09-08T20:08:31","modified_gmt":"2023-09-08T23:08:31","slug":"ramon-bilbao-crianza","status":"publish","type":"product","link":"https:\/\/ffswines.com.br\/index.php\/produto\/ramon-bilbao-crianza\/","title":{"rendered":"Ram\u00f3n Bilbao Crianza"},"content":{"rendered":"<p>Vinho tinto: Tempranillo<\/p>\n","protected":false},"excerpt":{"rendered":"<p><span style=\"font-weight: 400;\">O Ram\u00f3n Bilbao Crianza \u00e9 um vinho seco e varietal de Tempranillo produzido na regi\u00e3o de Rioja, na Espanha. Este vinho \u00e9 elaborado com um cuidadoso est\u00e1gio de 14 meses em barricas de carvalho americano, o que lhe confere uma madeira bem presente, equilibrada e com bom corpo.<\/span><\/p>\n<p><span style=\"font-weight: 400;\">No nariz revela aromas de frutas negras frescas. Em boca, intenso e bem estruturado. Este vinho harmoniza perfeitamente com carnes vermelhas, queijos e massas com molhos encorpados.\u00a0<\/span><\/p>\n","protected":false},"featured_media":0,"comment_status":"open","ping_status":"closed","template":"","meta":[],"product_cat":[28],"product_tag":[],"_links":{"self":[{"href":"https:\/\/ffswines.com.br\/index.php\/wp-json\/wp\/v2\/product\/946"}],"collection":[{"href":"https:\/\/ffswines.com.br\/index.php\/wp-json\/wp\/v2\/product"}],"about":[{"href":"https:\/\/ffswines.com.br\/index.php\/wp-json\/wp\/v2\/types\/product"}],"replies":[{"embeddable":true,"href":"https:\/\/ffswines.com.br\/index.php\/wp-json\/wp\/v2\/comments?post=946"}],"wp:attachment":[{"href":"https:\/\/ffswines.com.br\/index.php\/wp-json\/wp\/v2\/media?parent=946"}],"wp:term":[{"taxonomy":"product_cat","embeddable":true,"href":"https:\/\/ffswines.com.br\/index.php\/wp-json\/wp\/v2\/product_cat?post=946"},{"taxonomy":"product_tag","embeddable":true,"href":"https:\/\/ffswines.com.br\/index.php\/wp-json\/wp\/v2\/product_tag?post=946"}],"curies":[{"name":"wp","href":"https:\/\/api.w.org\/{rel}","templated":true}]}}