{"id":940,"date":"2023-09-08T19:58:31","date_gmt":"2023-09-08T22:58:31","guid":{"rendered":"https:\/\/ffswines.com.br\/?post_type=product&#038;p=940"},"modified":"2023-09-08T19:58:31","modified_gmt":"2023-09-08T22:58:31","slug":"raposeira","status":"publish","type":"product","link":"https:\/\/ffswines.com.br\/index.php\/produto\/raposeira\/","title":{"rendered":"Raposeira"},"content":{"rendered":"<p>Vinho tinto blend: Touriga Nacional e Touriga Rouriz<\/p>\n","protected":false},"excerpt":{"rendered":"<p><span style=\"font-weight: 400;\">Elaborado a partir de vinhedos do Douro, o RP tinto tem corpo m\u00e9dio e aromas e sabores intensos. \u00c9 um blend de uvas Touriga Nacional e Tinta Roriz. Mostra notas de frutas vermelhas e pretas maduras e terrosas, compondo um estilo agrad\u00e1vel e equilibrado.\u00a0<\/span><\/p>\n<p><span style=\"font-weight: 400;\">O ideal \u00e9 harmoniz\u00e1-los com pratos mais gordurosos e de sabor intenso. Churrascos ou carnes vermelhas grelhadas, al\u00e9m de massas com molhos de queijos s\u00e3o boas op\u00e7\u00f5es. Se voc\u00ea deseja uma <\/span><a href=\"https:\/\/www.divvino.com.br\/blog\/category\/harmonizacao\/queijos\/\"><span style=\"font-weight: 400;\">harmoniza\u00e7\u00e3o com queijos,<\/span><\/a><span style=\"font-weight: 400;\"> aposte no Roquefort ou Gorgonzola.<\/span><\/p>\n","protected":false},"featured_media":525,"comment_status":"open","ping_status":"closed","template":"","meta":[],"product_cat":[29],"product_tag":[],"_links":{"self":[{"href":"https:\/\/ffswines.com.br\/index.php\/wp-json\/wp\/v2\/product\/940"}],"collection":[{"href":"https:\/\/ffswines.com.br\/index.php\/wp-json\/wp\/v2\/product"}],"about":[{"href":"https:\/\/ffswines.com.br\/index.php\/wp-json\/wp\/v2\/types\/product"}],"replies":[{"embeddable":true,"href":"https:\/\/ffswines.com.br\/index.php\/wp-json\/wp\/v2\/comments?post=940"}],"wp:featuredmedia":[{"embeddable":true,"href":"https:\/\/ffswines.com.br\/index.php\/wp-json\/wp\/v2\/media\/525"}],"wp:attachment":[{"href":"https:\/\/ffswines.com.br\/index.php\/wp-json\/wp\/v2\/media?parent=940"}],"wp:term":[{"taxonomy":"product_cat","embeddable":true,"href":"https:\/\/ffswines.com.br\/index.php\/wp-json\/wp\/v2\/product_cat?post=940"},{"taxonomy":"product_tag","embeddable":true,"href":"https:\/\/ffswines.com.br\/index.php\/wp-json\/wp\/v2\/product_tag?post=940"}],"curies":[{"name":"wp","href":"https:\/\/api.w.org\/{rel}","templated":true}]}}