{"id":937,"date":"2023-09-08T19:39:27","date_gmt":"2023-09-08T22:39:27","guid":{"rendered":"https:\/\/ffswines.com.br\/?post_type=product&#038;p=937"},"modified":"2023-09-08T19:39:27","modified_gmt":"2023-09-08T22:39:27","slug":"mediterranico-pinot-grigio-igt-terre-siciliane","status":"publish","type":"product","link":"https:\/\/ffswines.com.br\/index.php\/produto\/mediterranico-pinot-grigio-igt-terre-siciliane\/","title":{"rendered":"Mediterr\u00e2nico Pinot Grigio IGT Terre Siciliane"},"content":{"rendered":"<p>Vinho branco: Pinot Grigio<\/p>\n","protected":false},"excerpt":{"rendered":"<p><span style=\"font-weight: 400;\">Delicado e refrescante, este Pinot Grigio elaborado \u00e0s margens do Mediterr\u00e2neo tem agrad\u00e1veis notas c\u00edtricas, florais e de frutas de caro\u00e7o. Harmoniza com mariscos, peixes brancos grelhados e saladas.<\/span><\/p>\n","protected":false},"featured_media":533,"comment_status":"open","ping_status":"closed","template":"","meta":[],"product_cat":[24],"product_tag":[],"_links":{"self":[{"href":"https:\/\/ffswines.com.br\/index.php\/wp-json\/wp\/v2\/product\/937"}],"collection":[{"href":"https:\/\/ffswines.com.br\/index.php\/wp-json\/wp\/v2\/product"}],"about":[{"href":"https:\/\/ffswines.com.br\/index.php\/wp-json\/wp\/v2\/types\/product"}],"replies":[{"embeddable":true,"href":"https:\/\/ffswines.com.br\/index.php\/wp-json\/wp\/v2\/comments?post=937"}],"wp:featuredmedia":[{"embeddable":true,"href":"https:\/\/ffswines.com.br\/index.php\/wp-json\/wp\/v2\/media\/533"}],"wp:attachment":[{"href":"https:\/\/ffswines.com.br\/index.php\/wp-json\/wp\/v2\/media?parent=937"}],"wp:term":[{"taxonomy":"product_cat","embeddable":true,"href":"https:\/\/ffswines.com.br\/index.php\/wp-json\/wp\/v2\/product_cat?post=937"},{"taxonomy":"product_tag","embeddable":true,"href":"https:\/\/ffswines.com.br\/index.php\/wp-json\/wp\/v2\/product_tag?post=937"}],"curies":[{"name":"wp","href":"https:\/\/api.w.org\/{rel}","templated":true}]}}