{"id":935,"date":"2023-09-08T17:58:05","date_gmt":"2023-09-08T20:58:05","guid":{"rendered":"https:\/\/ffswines.com.br\/?post_type=product&#038;p=935"},"modified":"2023-09-08T17:58:05","modified_gmt":"2023-09-08T20:58:05","slug":"vanita-primitivo-puglia","status":"publish","type":"product","link":"https:\/\/ffswines.com.br\/index.php\/produto\/vanita-primitivo-puglia\/","title":{"rendered":"Vanit\u00e1 Primitivo Puglia"},"content":{"rendered":"<p>Vinho tinto: Primitivo<\/p>\n","protected":false},"excerpt":{"rendered":"<p><span style=\"font-weight: 400;\">Um primitivo perfeito para o dia a dia. Em um estilo puro e frutado, frutas vermelhas marcam o nariz. Na boca \u00e9 encorpado com uma textura agrad\u00e1vel de taninos finos, destacando-se pela harmonia.\u00a0<\/span><\/p>\n<p><span style=\"font-weight: 400;\">Vanit\u00e1 Primitivo Puglia \u00e9 uma \u00f3tima combina\u00e7\u00e3o para carnes vermelhas, lasanhas, queijos frescos e peixes.<\/span><\/p>\n","protected":false},"featured_media":532,"comment_status":"open","ping_status":"closed","template":"","meta":[],"product_cat":[24],"product_tag":[],"_links":{"self":[{"href":"https:\/\/ffswines.com.br\/index.php\/wp-json\/wp\/v2\/product\/935"}],"collection":[{"href":"https:\/\/ffswines.com.br\/index.php\/wp-json\/wp\/v2\/product"}],"about":[{"href":"https:\/\/ffswines.com.br\/index.php\/wp-json\/wp\/v2\/types\/product"}],"replies":[{"embeddable":true,"href":"https:\/\/ffswines.com.br\/index.php\/wp-json\/wp\/v2\/comments?post=935"}],"wp:featuredmedia":[{"embeddable":true,"href":"https:\/\/ffswines.com.br\/index.php\/wp-json\/wp\/v2\/media\/532"}],"wp:attachment":[{"href":"https:\/\/ffswines.com.br\/index.php\/wp-json\/wp\/v2\/media?parent=935"}],"wp:term":[{"taxonomy":"product_cat","embeddable":true,"href":"https:\/\/ffswines.com.br\/index.php\/wp-json\/wp\/v2\/product_cat?post=935"},{"taxonomy":"product_tag","embeddable":true,"href":"https:\/\/ffswines.com.br\/index.php\/wp-json\/wp\/v2\/product_tag?post=935"}],"curies":[{"name":"wp","href":"https:\/\/api.w.org\/{rel}","templated":true}]}}