{"id":934,"date":"2023-09-08T17:53:39","date_gmt":"2023-09-08T20:53:39","guid":{"rendered":"https:\/\/ffswines.com.br\/?post_type=product&#038;p=934"},"modified":"2023-09-08T17:53:39","modified_gmt":"2023-09-08T20:53:39","slug":"montresor-wine-urban-park-appassiamento","status":"publish","type":"product","link":"https:\/\/ffswines.com.br\/index.php\/produto\/montresor-wine-urban-park-appassiamento\/","title":{"rendered":"Montresor Wine Urban Park Appassiamento"},"content":{"rendered":"<p>Vinho tinto: Corvina<\/p>\n","protected":false},"excerpt":{"rendered":"<p><span style=\"font-weight: 400;\">Montresor Wine Urban Park Appassiamento \u00e9 um vinho de cor rubi intenso. No nariz \u00e9 poss\u00edvel sentir frutas vermelhas com toques defumados. Na boca \u00e9 elegante com bom corpo. Perfeito com churrasco, massas com molhos e queijos curados. <\/span><\/p>\n","protected":false},"featured_media":531,"comment_status":"open","ping_status":"closed","template":"","meta":[],"product_cat":[24],"product_tag":[],"_links":{"self":[{"href":"https:\/\/ffswines.com.br\/index.php\/wp-json\/wp\/v2\/product\/934"}],"collection":[{"href":"https:\/\/ffswines.com.br\/index.php\/wp-json\/wp\/v2\/product"}],"about":[{"href":"https:\/\/ffswines.com.br\/index.php\/wp-json\/wp\/v2\/types\/product"}],"replies":[{"embeddable":true,"href":"https:\/\/ffswines.com.br\/index.php\/wp-json\/wp\/v2\/comments?post=934"}],"wp:featuredmedia":[{"embeddable":true,"href":"https:\/\/ffswines.com.br\/index.php\/wp-json\/wp\/v2\/media\/531"}],"wp:attachment":[{"href":"https:\/\/ffswines.com.br\/index.php\/wp-json\/wp\/v2\/media?parent=934"}],"wp:term":[{"taxonomy":"product_cat","embeddable":true,"href":"https:\/\/ffswines.com.br\/index.php\/wp-json\/wp\/v2\/product_cat?post=934"},{"taxonomy":"product_tag","embeddable":true,"href":"https:\/\/ffswines.com.br\/index.php\/wp-json\/wp\/v2\/product_tag?post=934"}],"curies":[{"name":"wp","href":"https:\/\/api.w.org\/{rel}","templated":true}]}}