{"id":933,"date":"2023-09-06T17:37:13","date_gmt":"2023-09-06T20:37:13","guid":{"rendered":"https:\/\/ffswines.com.br\/?post_type=product&#038;p=933"},"modified":"2023-09-06T17:37:13","modified_gmt":"2023-09-06T20:37:13","slug":"les-argonautes","status":"publish","type":"product","link":"https:\/\/ffswines.com.br\/index.php\/produto\/les-argonautes\/","title":{"rendered":"Les Argonautes"},"content":{"rendered":"<p>Vinho tinto blend: Merlot e Cabernet Sauvignon<\/p>\n","protected":false},"excerpt":{"rendered":"<p><span style=\"font-weight: 400;\">\u00c9 um tinto de estilo cl\u00e1ssico bordal\u00eas, com a fruta vermelha em destaque e as notas terrosas e florais como complemento. Fresco, f\u00e1cil de beber, \u00e9 um companheiro para refei\u00e7\u00f5es do dia a dia ou para desfrutar com amigos e fam\u00edlia. Harmoniza com aves assadas, carne su\u00edna ou carne vermelha grelhada.<\/span><\/p>\n","protected":false},"featured_media":874,"comment_status":"open","ping_status":"closed","template":"","meta":[],"product_cat":[23],"product_tag":[],"_links":{"self":[{"href":"https:\/\/ffswines.com.br\/index.php\/wp-json\/wp\/v2\/product\/933"}],"collection":[{"href":"https:\/\/ffswines.com.br\/index.php\/wp-json\/wp\/v2\/product"}],"about":[{"href":"https:\/\/ffswines.com.br\/index.php\/wp-json\/wp\/v2\/types\/product"}],"replies":[{"embeddable":true,"href":"https:\/\/ffswines.com.br\/index.php\/wp-json\/wp\/v2\/comments?post=933"}],"wp:featuredmedia":[{"embeddable":true,"href":"https:\/\/ffswines.com.br\/index.php\/wp-json\/wp\/v2\/media\/874"}],"wp:attachment":[{"href":"https:\/\/ffswines.com.br\/index.php\/wp-json\/wp\/v2\/media?parent=933"}],"wp:term":[{"taxonomy":"product_cat","embeddable":true,"href":"https:\/\/ffswines.com.br\/index.php\/wp-json\/wp\/v2\/product_cat?post=933"},{"taxonomy":"product_tag","embeddable":true,"href":"https:\/\/ffswines.com.br\/index.php\/wp-json\/wp\/v2\/product_tag?post=933"}],"curies":[{"name":"wp","href":"https:\/\/api.w.org\/{rel}","templated":true}]}}