{"id":926,"date":"2023-09-06T16:58:45","date_gmt":"2023-09-06T19:58:45","guid":{"rendered":"https:\/\/ffswines.com.br\/?post_type=product&#038;p=926"},"modified":"2023-09-06T17:17:49","modified_gmt":"2023-09-06T20:17:49","slug":"cotes-du-rhone-leon-perdigal","status":"publish","type":"product","link":"https:\/\/ffswines.com.br\/index.php\/produto\/cotes-du-rhone-leon-perdigal\/","title":{"rendered":"C\u00f4tes du Rh\u00f4ne Leon Perdigal"},"content":{"rendered":"<p><span style=\"font-weight: 400;\">O vinho L\u00e9on Perdigal C\u00f4tes-du-Rh\u00f4ne \u00e9 um assemblage das uvas Grenache, Syrah e Mourv\u00e8dre oriundas de vinhedos na regi\u00e3o do Vale du Rh\u00f4ne, na Fran\u00e7a. De colora\u00e7\u00e3o rubi intensa, no nariz revela aromas de frutas vermelhas, notas herb\u00e1ceas, al\u00e9m do toque de especiarias. Em boca, tem corpo m\u00e9dio, taninos macios e um final longo e agrad\u00e1vel.<\/span><\/p>\n<p><span style=\"font-weight: 400;\">Uma excelente pedida para apreciar com carnes vermelhas, massas, queijos e embutidos.<\/span><\/p>\n","protected":false},"excerpt":{"rendered":"<p>Vinho tinto Blend: Grenache, Syrah e Mouv\u00e8dre<\/p>\n","protected":false},"featured_media":540,"comment_status":"open","ping_status":"closed","template":"","meta":[],"product_cat":[23],"product_tag":[],"_links":{"self":[{"href":"https:\/\/ffswines.com.br\/index.php\/wp-json\/wp\/v2\/product\/926"}],"collection":[{"href":"https:\/\/ffswines.com.br\/index.php\/wp-json\/wp\/v2\/product"}],"about":[{"href":"https:\/\/ffswines.com.br\/index.php\/wp-json\/wp\/v2\/types\/product"}],"replies":[{"embeddable":true,"href":"https:\/\/ffswines.com.br\/index.php\/wp-json\/wp\/v2\/comments?post=926"}],"wp:featuredmedia":[{"embeddable":true,"href":"https:\/\/ffswines.com.br\/index.php\/wp-json\/wp\/v2\/media\/540"}],"wp:attachment":[{"href":"https:\/\/ffswines.com.br\/index.php\/wp-json\/wp\/v2\/media?parent=926"}],"wp:term":[{"taxonomy":"product_cat","embeddable":true,"href":"https:\/\/ffswines.com.br\/index.php\/wp-json\/wp\/v2\/product_cat?post=926"},{"taxonomy":"product_tag","embeddable":true,"href":"https:\/\/ffswines.com.br\/index.php\/wp-json\/wp\/v2\/product_tag?post=926"}],"curies":[{"name":"wp","href":"https:\/\/api.w.org\/{rel}","templated":true}]}}